{"id":7044,"date":"2023-11-30T17:36:21","date_gmt":"2023-11-30T14:36:21","guid":{"rendered":"https:\/\/www.wiflap.com\/?post_type=product&#038;p=7044"},"modified":"2023-12-04T13:09:27","modified_gmt":"2023-12-04T10:09:27","slug":"gunluk-pamukkale-turu","status":"publish","type":"product","link":"https:\/\/www.wiflap.com\/tr\/product\/gunluk-pamukkale-turu\/","title":{"rendered":"G\u00fcnl\u00fck Pamukkale Turu"},"content":{"rendered":"<p><strong>T\u00fcrkiye&#8217;nin do\u011fal ve tarihi harikas\u0131 Pamukkale&#8217;nin g\u00fczelli\u011fini ke\u015ffedin.<\/strong><br \/>\nPamukkale, do\u011fan\u0131n ve tarihin e\u015fsiz ve b\u00fcy\u00fcleyici bir manzara yaratt\u0131\u011f\u0131 harikalar diyar\u0131d\u0131r. Milyonlarca y\u0131ld\u0131r C\u00fcr\u00fcksu Ovas\u0131&#8217;na bakan bir falezden f\u0131\u015fk\u0131ran kapl\u0131calar, geride kalsiyum karbonat b\u0131rakarak pamuktan kaleler gibi beyaz traverten teraslar\u0131 olu\u015fturuyor. T\u00fcrk\u00e7e&#8217;de &#8220;pamuk kalesi&#8221; anlam\u0131na gelen Pamukkale, d\u00fcnyan\u0131n en dikkate de\u011fer do\u011fal miraslar\u0131ndan biridir ve UNESCO D\u00fcnya Miras\u0131 Alan\u0131d\u0131r.<\/p>\n","protected":false},"excerpt":{"rendered":"<p>Antalya Pamukkale Turumuza ba\u015flay\u0131n ve kendinizi d\u00fcnyan\u0131n do\u011fal harikalar\u0131ndan birinin harikalar\u0131na b\u0131rak\u0131n. Do\u011fan\u0131n g\u00fc\u00e7leriyle \u015fekillenen Pamukkale, T\u00fcrkiye&#8217;nin en s\u0131ra d\u0131\u015f\u0131 turistik destinasyonlar\u0131ndan biri olarak duruyor. Yerel halk taraf\u0131ndan &#8220;Pamuk Kalesi&#8221; olarak adland\u0131r\u0131lan bu b\u00fcy\u00fcleyici yerde, tamamen saf beyazla s\u00fcslenmi\u015f u\u00e7suz bucaks\u0131z bir da\u011f bulunmaktad\u0131r. Ziyaret\u00e7iler nefes kesen manzara kar\u015f\u0131s\u0131nda b\u00fcy\u00fcleniyor ve Pamukkale, UNESCO D\u00fcnya Miras\u0131 Alan\u0131 olarak hakl\u0131 bir \u00fcne kavu\u015fuyor.<\/p>\n<p><strong>Neler dahil?<\/strong><\/p>\n<p>Klimal\u0131 Otob\u00fcs<br \/>\nTam sigorta<br \/>\nOtelden alma ve b\u0131rakma<br \/>\nKahvalt\u0131 \u00f6\u011fle yeme\u011fi<br \/>\nRehberlik Hizmeti (\u0130ngilizce Konu\u015fma)<\/p>\n<p><strong>Neler dahil de\u011fildir?<\/strong><\/p>\n<p>Ki\u015fisel Harcamalar<br \/>\nGiri\u015f bedeli<br \/>\nGiri\u015f\/Giri\u015f &#8211; Pamukkale Termal Havuzlar\u0131<\/p>\n<p>Kleopatra Havuzuna giri\u015fin iste\u011fe ba\u011fl\u0131 oldu\u011funu l\u00fctfen unutmay\u0131n. Ki\u015fi ba\u015f\u0131 10 \u20ac&#8217;ya mal olacak<\/p>\n","protected":false},"featured_media":4878,"template":"","meta":[],"product_brand":[],"product_cat":[54],"product_tag":[],"class_list":{"0":"post-7044","1":"product","2":"type-product","3":"status-publish","4":"has-post-thumbnail","6":"product_cat-turlar","8":"first","9":"instock","10":"shipping-taxable","11":"purchasable","12":"product-type-simple"},"_links":{"self":[{"href":"https:\/\/www.wiflap.com\/tr\/wp-json\/wp\/v2\/product\/7044","targetHints":{"allow":["GET"]}}],"collection":[{"href":"https:\/\/www.wiflap.com\/tr\/wp-json\/wp\/v2\/product"}],"about":[{"href":"https:\/\/www.wiflap.com\/tr\/wp-json\/wp\/v2\/types\/product"}],"wp:featuredmedia":[{"embeddable":true,"href":"https:\/\/www.wiflap.com\/tr\/wp-json\/wp\/v2\/media\/4878"}],"wp:attachment":[{"href":"https:\/\/www.wiflap.com\/tr\/wp-json\/wp\/v2\/media?parent=7044"}],"wp:term":[{"taxonomy":"product_brand","embeddable":true,"href":"https:\/\/www.wiflap.com\/tr\/wp-json\/wp\/v2\/product_brand?post=7044"},{"taxonomy":"product_cat","embeddable":true,"href":"https:\/\/www.wiflap.com\/tr\/wp-json\/wp\/v2\/product_cat?post=7044"},{"taxonomy":"product_tag","embeddable":true,"href":"https:\/\/www.wiflap.com\/tr\/wp-json\/wp\/v2\/product_tag?post=7044"}],"curies":[{"name":"wp","href":"https:\/\/api.w.org\/{rel}","templated":true}]}}