{"id":7037,"date":"2023-11-30T16:45:44","date_gmt":"2023-11-30T13:45:44","guid":{"rendered":"https:\/\/www.wiflap.com\/?post_type=product&#038;p=7037"},"modified":"2024-06-28T17:55:36","modified_gmt":"2024-06-28T14:55:36","slug":"transfer-services","status":"publish","type":"product","link":"https:\/\/www.wiflap.com\/tr\/product\/transfer-services\/","title":{"rendered":"Transfer Hizmeti"},"content":{"rendered":"<p><strong>G\u00fcvenilir, Zaman\u0131nda ve G\u00fcvenli Havaalan\u0131 Transferleri<\/strong><\/p>\n<p>Muhte\u015fem \u015fehir Antalya&#8217;ya bir gezi mi planl\u0131yorsunuz? Antalya havaliman\u0131 transfer ihtiya\u00e7lar\u0131n\u0131z i\u00e7in art\u0131k araman\u0131za gerek yok! WIFLAP olarak, dakiklik, g\u00fcvenlik ve ola\u011fan\u00fcst\u00fc m\u00fc\u015fteri hizmetlerine sars\u0131lmaz bir ba\u011fl\u0131l\u0131kla birinci s\u0131n\u0131f havaalan\u0131 transfer hizmetleri sunmaktan gurur duyuyoruz.<\/p>\n","protected":false},"excerpt":{"rendered":"<p><strong>Antalya Havaliman\u0131 Transfer<\/strong>: G\u00fcvenilir havaliman\u0131 transfer hizmetlerimizle seyahatinize stressiz ba\u015flay\u0131n. Var\u0131\u015fta sizi kar\u015f\u0131lamak, bagaj\u0131n\u0131za yard\u0131mc\u0131 olmak ve sizi var\u0131\u015f noktan\u0131za verimli bir \u015fekilde ula\u015ft\u0131rmak i\u00e7in orada olaca\u011f\u0131z.<\/p>\n","protected":false},"featured_media":7038,"template":"","meta":[],"product_brand":[],"product_cat":[54],"product_tag":[],"class_list":{"0":"post-7037","1":"product","2":"type-product","3":"status-publish","4":"has-post-thumbnail","6":"product_cat-turlar","8":"first","9":"instock","10":"shipping-taxable","11":"purchasable","12":"product-type-simple"},"_links":{"self":[{"href":"https:\/\/www.wiflap.com\/tr\/wp-json\/wp\/v2\/product\/7037","targetHints":{"allow":["GET"]}}],"collection":[{"href":"https:\/\/www.wiflap.com\/tr\/wp-json\/wp\/v2\/product"}],"about":[{"href":"https:\/\/www.wiflap.com\/tr\/wp-json\/wp\/v2\/types\/product"}],"wp:featuredmedia":[{"embeddable":true,"href":"https:\/\/www.wiflap.com\/tr\/wp-json\/wp\/v2\/media\/7038"}],"wp:attachment":[{"href":"https:\/\/www.wiflap.com\/tr\/wp-json\/wp\/v2\/media?parent=7037"}],"wp:term":[{"taxonomy":"product_brand","embeddable":true,"href":"https:\/\/www.wiflap.com\/tr\/wp-json\/wp\/v2\/product_brand?post=7037"},{"taxonomy":"product_cat","embeddable":true,"href":"https:\/\/www.wiflap.com\/tr\/wp-json\/wp\/v2\/product_cat?post=7037"},{"taxonomy":"product_tag","embeddable":true,"href":"https:\/\/www.wiflap.com\/tr\/wp-json\/wp\/v2\/product_tag?post=7037"}],"curies":[{"name":"wp","href":"https:\/\/api.w.org\/{rel}","templated":true}]}}