{"id":7034,"date":"2023-11-30T16:19:04","date_gmt":"2023-11-30T13:19:04","guid":{"rendered":"https:\/\/www.wiflap.com\/?post_type=product&#038;p=7034"},"modified":"2023-12-04T13:11:56","modified_gmt":"2023-12-04T10:11:56","slug":"paragliding-in-antalya","status":"publish","type":"product","link":"https:\/\/www.wiflap.com\/tr\/product\/paragliding-in-antalya\/","title":{"rendered":"Antalya&#8217;da Yama\u00e7 Para\u015f\u00fct\u00fc"},"content":{"rendered":"<div class=\"container\">\n<div class=\"container_inner\">\n<div class=\"two_columns_75_25 clearfix portfolio_container\">\n<div class=\"column1\">\n<div class=\"column_inner\">\n<div class=\"portfolio_single_text_holder\">\n<p>Antalya&#8217;da unutulmaz bir macera m\u0131 ar\u0131yorsunuz? T\u00fcrk Rivieras\u0131&#8217;n\u0131n turkuaz sular\u0131n\u0131n ve g\u00f6rkemli da\u011flar\u0131n\u0131n \u00fczerinde s\u00fcz\u00fclmek ister misiniz? O halde yama\u00e7 para\u015f\u00fct\u00fc turu i\u00e7in bize kat\u0131l\u0131n ve ku\u015f gibi u\u00e7man\u0131n heyecan\u0131n\u0131 ya\u015fay\u0131n!<\/p>\n<p>Yama\u00e7 para\u015f\u00fct\u00fc Antalya&#8217;n\u0131n en heyecan verici ve pop\u00fcler aktivitelerinden biridir. Muhte\u015fem \u015fehir, deniz ve do\u011fa manzaras\u0131n\u0131n keyfini \u00e7\u0131karman\u0131n g\u00fcvenli ve kolay yolu. Yama\u00e7 para\u015f\u00fct\u00fc yapmak i\u00e7in \u00f6nceden herhangi bir deneyime veya \u00f6zel beceriye ihtiyac\u0131n\u0131z yoktur. \u0130htiyac\u0131n\u0131z olan tek \u015fey macera duygusu ve yeni bir \u015feyler deneme iste\u011fidir.<\/p>\n<p>Yama\u00e7 para\u015f\u00fct\u00fc turlar\u0131m\u0131z yeni ba\u015flayanlardan uzmanlara kadar herkes i\u00e7in uygundur. S\u00fcrecin her ad\u0131m\u0131nda size rehberlik edecek profesyonel ve g\u00fcler y\u00fczl\u00fc e\u011fitmenlerimiz var. Size gerekli t\u00fcm ekipman\u0131 sa\u011flayacaklar ve g\u00fcvenlik kurallar\u0131n\u0131 ve u\u00e7u\u015f ko\u015fullar\u0131n\u0131 a\u00e7\u0131klayacaklar. Daha sonra se\u00e7ilen y\u00fckseklikte bir e\u011fitmen ile birlikte atlayacak ve yakla\u015f\u0131k 20 dakika boyunca havada s\u00fcz\u00fcleceksiniz.<\/p>\n<\/div>\n<\/div>\n<\/div>\n<\/div>\n<\/div>\n<\/div>\n","protected":false},"excerpt":{"rendered":"<p>Maceran\u0131n nefes kesen manzaralarla bulu\u015ftu\u011fu Antalya&#8217;da yama\u00e7 para\u015f\u00fct\u00fc heyecan\u0131n\u0131 ya\u015fay\u0131n! \u00dcnl\u00fc Kleopatra Plaj\u0131 \u00fczerinde s\u00fcz\u00fcl\u00fcn ve u\u00e7man\u0131n heyecan verici hissinin keyfini \u00e7\u0131kar\u0131n. 20 dakikal\u0131k heyecan verici bir tandem yama\u00e7 para\u015f\u00fct\u00fc maceras\u0131 s\u0131ras\u0131nda turkuaz sular\u0131n ve kumsallar\u0131n \u00fczerinde s\u00fcz\u00fcl\u00fcrken unutulmaz an\u0131lar yakalay\u0131n. U\u00e7u\u015funuza profesyonel bir pilotun rehberlik etmesiyle tek yapman\u0131z gereken rahatlamak, muhte\u015fem manzaran\u0131n tad\u0131n\u0131 \u00e7\u0131karmak ve kameraya g\u00fcl\u00fcmsemek. Kleopatra Plaj\u0131&#8217;n\u0131n ikonik alt\u0131n kumlar\u0131na yumu\u015fak bir ini\u015f yapman\u0131n keyfini \u00e7\u0131kar\u0131n ve Antalya genelindeki uygun otelden alma ve b\u0131rakma i\u015flemleriyle her t\u00fcrl\u00fc ula\u015f\u0131m sorununu ortadan kald\u0131r\u0131n. Kendinizi \u00f6zg\u00fcr b\u0131rak\u0131n, adrenalini kucaklay\u0131n ve Antalya ziyaretinizi ger\u00e7ekten unutulmaz k\u0131l\u0131n.<\/p>\n<p><strong>Neler Dahil:<\/strong><\/p>\n<p>Gidi\u015f-D\u00f6n\u00fc\u015f Otel Transferi<br \/>\nYama\u00e7 para\u015f\u00fct\u00fc<br \/>\nTalimatlar<br \/>\nSigorta<br \/>\nGerekli ekipman<br \/>\nProfesyonel Sertifikal\u0131 Pilot (Erkek &amp; Kad\u0131n)<\/p>\n","protected":false},"featured_media":4910,"template":"","meta":[],"product_brand":[],"product_cat":[54],"product_tag":[],"class_list":{"0":"post-7034","1":"product","2":"type-product","3":"status-publish","4":"has-post-thumbnail","6":"product_cat-turlar","8":"first","9":"instock","10":"shipping-taxable","11":"purchasable","12":"product-type-simple"},"_links":{"self":[{"href":"https:\/\/www.wiflap.com\/tr\/wp-json\/wp\/v2\/product\/7034","targetHints":{"allow":["GET"]}}],"collection":[{"href":"https:\/\/www.wiflap.com\/tr\/wp-json\/wp\/v2\/product"}],"about":[{"href":"https:\/\/www.wiflap.com\/tr\/wp-json\/wp\/v2\/types\/product"}],"wp:featuredmedia":[{"embeddable":true,"href":"https:\/\/www.wiflap.com\/tr\/wp-json\/wp\/v2\/media\/4910"}],"wp:attachment":[{"href":"https:\/\/www.wiflap.com\/tr\/wp-json\/wp\/v2\/media?parent=7034"}],"wp:term":[{"taxonomy":"product_brand","embeddable":true,"href":"https:\/\/www.wiflap.com\/tr\/wp-json\/wp\/v2\/product_brand?post=7034"},{"taxonomy":"product_cat","embeddable":true,"href":"https:\/\/www.wiflap.com\/tr\/wp-json\/wp\/v2\/product_cat?post=7034"},{"taxonomy":"product_tag","embeddable":true,"href":"https:\/\/www.wiflap.com\/tr\/wp-json\/wp\/v2\/product_tag?post=7034"}],"curies":[{"name":"wp","href":"https:\/\/api.w.org\/{rel}","templated":true}]}}