{"id":7033,"date":"2023-11-30T16:04:00","date_gmt":"2023-11-30T13:04:00","guid":{"rendered":"https:\/\/www.wiflap.com\/?post_type=product&#038;p=7033"},"modified":"2024-06-28T18:01:25","modified_gmt":"2024-06-28T15:01:25","slug":"koprulu-canyon-rafting","status":"publish","type":"product","link":"https:\/\/www.wiflap.com\/tr\/product\/koprulu-canyon-rafting\/","title":{"rendered":"K\u00f6pr\u00fcl\u00fc Kanyon Rafting"},"content":{"rendered":"<div class=\"container\">\n<div class=\"container_inner\">\n<div class=\"two_columns_75_25 clearfix portfolio_container\">\n<div class=\"column1\">\n<div class=\"column_inner\">\n<div class=\"portfolio_single_text_holder\">\n<p>K\u00f6pr\u00fcl\u00fc Kanyon, Antalya&#8217;da bulunan bir do\u011fa harikas\u0131d\u0131r. Kanyon, berrak sular\u0131 ve muhte\u015fem do\u011fal manzaras\u0131yla \u00fcnl\u00fcd\u00fcr. Turlar\u0131m\u0131z sizi y\u00fczmenin, y\u00fcr\u00fcy\u00fc\u015f yapman\u0131n ve rafting yapman\u0131n keyfini \u00e7\u0131karabilece\u011finiz kanyonda unutulmaz bir yolculu\u011fa \u00e7\u0131karmak i\u00e7in tasarland\u0131. Deneyimli rehberlerimiz sizi K\u00f6pr\u00fc\u00e7ay Nehri&#8217;nde ak\u0131nt\u0131lar\u0131n heyecan\u0131n\u0131 ve \u00e7evredeki manzaran\u0131n g\u00fczelli\u011fini ya\u015fayabilece\u011finiz heyecan verici bir rafting maceras\u0131na g\u00f6t\u00fcrecektir. Ayr\u0131ca nehrin serin sular\u0131nda serinletici bir y\u00fczmenin keyfini \u00e7\u0131karabilir veya kanyonun g\u00fczel manzaral\u0131 parkurlar\u0131nda y\u00fcr\u00fcy\u00fc\u015f yapabilirsiniz.<\/p>\n<\/div>\n<\/div>\n<\/div>\n<\/div>\n<\/div>\n<\/div>\n","protected":false},"excerpt":{"rendered":"<p>14 kilometrelik parkurda 10 ak\u0131nt\u0131dan a\u015fa\u011f\u0131ya inmenin heyecan\u0131n\u0131 ya\u015fay\u0131n \u00d6zenle se\u00e7ilmi\u015f y\u00fczme noktalar\u0131nda masmavi sularda y\u00fczerek rahatlay\u0131n K\u00f6pr\u00fcl\u00fc Kanyon&#8217;un do\u011fal g\u00fczelli\u011fini ke\u015ffedin ve yaban hayat\u0131 aray\u0131n Bir bulu\u015fma noktas\u0131 veya bir tur se\u00e7in Uygun otel transfer hizmeti Nehir kenar\u0131ndaki b\u00fcy\u00fcleyici bir restoranda 3 yemekten olu\u015fan nefis bir \u00f6\u011fle yeme\u011fi yiyin.<\/p>\n<p><strong>Neler dahil?<\/strong><br \/>\n\u00d6\u011fle yeme\u011fi<br \/>\nE\u011fitmen ve rehber<br \/>\nAntalya&#8217;daki herhangi bir otelden otelden alma ve otele b\u0131rakma<br \/>\nEmniyet ara\u00e7lar\u0131<\/p>\n<p><strong>Neler dahil de\u011fildir?<\/strong><br \/>\nAlkoll\u00fc i\u00e7ecekler<br \/>\nFoto\u011fraflar ve Videolar<\/p>\n","protected":false},"featured_media":4927,"template":"","meta":[],"product_brand":[],"product_cat":[54],"product_tag":[],"class_list":{"0":"post-7033","1":"product","2":"type-product","3":"status-publish","4":"has-post-thumbnail","6":"product_cat-turlar","8":"first","9":"instock","10":"shipping-taxable","11":"purchasable","12":"product-type-simple"},"_links":{"self":[{"href":"https:\/\/www.wiflap.com\/tr\/wp-json\/wp\/v2\/product\/7033","targetHints":{"allow":["GET"]}}],"collection":[{"href":"https:\/\/www.wiflap.com\/tr\/wp-json\/wp\/v2\/product"}],"about":[{"href":"https:\/\/www.wiflap.com\/tr\/wp-json\/wp\/v2\/types\/product"}],"wp:featuredmedia":[{"embeddable":true,"href":"https:\/\/www.wiflap.com\/tr\/wp-json\/wp\/v2\/media\/4927"}],"wp:attachment":[{"href":"https:\/\/www.wiflap.com\/tr\/wp-json\/wp\/v2\/media?parent=7033"}],"wp:term":[{"taxonomy":"product_brand","embeddable":true,"href":"https:\/\/www.wiflap.com\/tr\/wp-json\/wp\/v2\/product_brand?post=7033"},{"taxonomy":"product_cat","embeddable":true,"href":"https:\/\/www.wiflap.com\/tr\/wp-json\/wp\/v2\/product_cat?post=7033"},{"taxonomy":"product_tag","embeddable":true,"href":"https:\/\/www.wiflap.com\/tr\/wp-json\/wp\/v2\/product_tag?post=7033"}],"curies":[{"name":"wp","href":"https:\/\/api.w.org\/{rel}","templated":true}]}}