{"id":6938,"date":"2023-10-21T12:13:35","date_gmt":"2023-10-21T09:13:35","guid":{"rendered":"https:\/\/www.wiflap.com\/?post_type=product&#038;p=6938"},"modified":"2024-06-28T17:54:04","modified_gmt":"2024-06-28T14:54:04","slug":"land-of-legends","status":"publish","type":"product","link":"https:\/\/www.wiflap.com\/tr\/product\/land-of-legends\/","title":{"rendered":"The Land of Legends Tema Park\u0131 Bileti"},"content":{"rendered":"<p>The Land of Legends, t\u00fcm misafirlerine her an yeni bir \u015feyler ke\u015ffedecekleri e\u015fsiz deneyimler sunuyor. Herkesin kendi efsanesini ya\u015fayabilece\u011fi heyecanl\u0131 bir atmosfere sahip The Land of Legends, \u00e7ocuklar\u0131n\u0131zla e\u011flencenin s\u0131n\u0131rlar\u0131n\u0131 daraltman\u0131za ya da sevdiklerinizle birlikte heyecan ve adrenalin dolu anlar ya\u015faman\u0131za olanak tan\u0131yor. Tek yapman\u0131z gereken The Land of Legends&#8217;\u0131n destans\u0131 atmosferinde masal\u0131n hangi b\u00f6l\u00fcm\u00fcn\u00fc ya\u015famak istedi\u011finize karar vermek ve kendi efsanenizi ke\u015ffetmek&#8230; Unutmay\u0131n, kap\u0131n\u0131n \u00f6tesini yaln\u0131zca hayali olanlar g\u00f6rebilir!<\/p>\n","protected":false},"excerpt":{"rendered":"<p>The Land of Legends, t\u00fcm misafirlerine her an yeni bir \u015feyler ke\u015ffedecekleri e\u015fsiz deneyimler sunuyor.<\/p>\n","protected":false},"featured_media":7010,"template":"","meta":[],"product_brand":[],"product_cat":[54],"product_tag":[],"class_list":{"0":"post-6938","1":"product","2":"type-product","3":"status-publish","4":"has-post-thumbnail","6":"product_cat-turlar","8":"first","9":"instock","10":"shipping-taxable","11":"purchasable","12":"product-type-simple"},"_links":{"self":[{"href":"https:\/\/www.wiflap.com\/tr\/wp-json\/wp\/v2\/product\/6938","targetHints":{"allow":["GET"]}}],"collection":[{"href":"https:\/\/www.wiflap.com\/tr\/wp-json\/wp\/v2\/product"}],"about":[{"href":"https:\/\/www.wiflap.com\/tr\/wp-json\/wp\/v2\/types\/product"}],"wp:featuredmedia":[{"embeddable":true,"href":"https:\/\/www.wiflap.com\/tr\/wp-json\/wp\/v2\/media\/7010"}],"wp:attachment":[{"href":"https:\/\/www.wiflap.com\/tr\/wp-json\/wp\/v2\/media?parent=6938"}],"wp:term":[{"taxonomy":"product_brand","embeddable":true,"href":"https:\/\/www.wiflap.com\/tr\/wp-json\/wp\/v2\/product_brand?post=6938"},{"taxonomy":"product_cat","embeddable":true,"href":"https:\/\/www.wiflap.com\/tr\/wp-json\/wp\/v2\/product_cat?post=6938"},{"taxonomy":"product_tag","embeddable":true,"href":"https:\/\/www.wiflap.com\/tr\/wp-json\/wp\/v2\/product_tag?post=6938"}],"curies":[{"name":"wp","href":"https:\/\/api.w.org\/{rel}","templated":true}]}}